{"id":622,"date":"2025-01-24T18:01:03","date_gmt":"2025-01-24T18:01:03","guid":{"rendered":"https:\/\/barefootsurftravel.com\/contactez-nous\/"},"modified":"2025-10-30T09:20:00","modified_gmt":"2025-10-30T09:20:00","slug":"contactez-nous","status":"publish","type":"page","link":"https:\/\/barefootsurftravel.com\/fr\/contactez-nous\/","title":{"rendered":"Contactez nous"},"content":{"rendered":"\t\t<div data-elementor-type=\"wp-page\" data-elementor-id=\"622\" class=\"elementor elementor-622 elementor-38\" data-elementor-post-type=\"page\">\n\t\t\t\t<div class=\"elementor-element elementor-element-bedd46e e-flex e-con-boxed e-con e-parent\" data-id=\"bedd46e\" data-element_type=\"container\" data-e-type=\"container\" data-settings=\"{&quot;background_background&quot;:&quot;classic&quot;}\">\n\t\t\t\t\t<div class=\"e-con-inner\">\n\t\t<div class=\"elementor-element elementor-element-1eeb1af e-con-full e-flex e-con e-child\" data-id=\"1eeb1af\" data-element_type=\"container\" data-e-type=\"container\">\n\t\t<div class=\"elementor-element elementor-element-257bbd0 e-con-full e-flex e-con e-child\" data-id=\"257bbd0\" data-element_type=\"container\" data-e-type=\"container\">\n\t\t\t\t<div class=\"elementor-element elementor-element-8dd92b6 elementor-widget-mobile__width-auto elementor-widget elementor-widget-heading\" data-id=\"8dd92b6\" data-element_type=\"widget\" data-e-type=\"widget\" data-widget_type=\"heading.default\">\n\t\t\t\t<div class=\"elementor-widget-container\">\n\t\t\t\t\t<h1 class=\"elementor-heading-title elementor-size-default\">Nous Contacter<\/h1>\t\t\t\t<\/div>\n\t\t\t\t<\/div>\n\t\t\t\t<\/div>\n\t\t\t\t<\/div>\n\t\t\t\t\t<\/div>\n\t\t\t\t<\/div>\n\t\t<div class=\"elementor-element elementor-element-89ee7fe e-flex e-con-boxed e-con e-parent\" data-id=\"89ee7fe\" data-element_type=\"container\" data-e-type=\"container\" data-settings=\"{&quot;background_background&quot;:&quot;classic&quot;}\">\n\t\t\t\t\t<div class=\"e-con-inner\">\n\t\t<div class=\"elementor-element elementor-element-a122d9d e-con-full e-flex e-con e-child\" data-id=\"a122d9d\" data-element_type=\"container\" data-e-type=\"container\">\n\t\t\t\t<div class=\"elementor-element elementor-element-316de63 elementor-widget elementor-widget-heading\" data-id=\"316de63\" data-element_type=\"widget\" data-e-type=\"widget\" data-widget_type=\"heading.default\">\n\t\t\t\t<div class=\"elementor-widget-container\">\n\t\t\t\t\t<h2 class=\"elementor-heading-title elementor-size-default\">Des questions sur nos retraites de surf?<\/h2>\t\t\t\t<\/div>\n\t\t\t\t<\/div>\n\t\t\t\t<div class=\"elementor-element elementor-element-0bf6493 elementor-widget-divider--view-line elementor-widget elementor-widget-divider\" data-id=\"0bf6493\" data-element_type=\"widget\" data-e-type=\"widget\" data-widget_type=\"divider.default\">\n\t\t\t\t<div class=\"elementor-widget-container\">\n\t\t\t\t\t\t\t<div class=\"elementor-divider\">\n\t\t\t<span class=\"elementor-divider-separator\">\n\t\t\t\t\t\t<\/span>\n\t\t<\/div>\n\t\t\t\t\t\t<\/div>\n\t\t\t\t<\/div>\n\t\t\t\t<div class=\"elementor-element elementor-element-b595c31 elementor-widget elementor-widget-text-editor\" data-id=\"b595c31\" data-element_type=\"widget\" data-e-type=\"widget\" data-widget_type=\"text-editor.default\">\n\t\t\t\t<div class=\"elementor-widget-container\">\n\t\t\t\t\t\t\t\t\t<p>S&rsquo;il-vous-pla\u00eet nous \u00e9crire:<\/p>\t\t\t\t\t\t\t\t<\/div>\n\t\t\t\t<\/div>\n\t\t\t\t<div class=\"elementor-element elementor-element-5715d99 elementor-button-align-end elementor-mobile-button-align-stretch elementor-widget elementor-widget-form\" data-id=\"5715d99\" data-element_type=\"widget\" data-e-type=\"widget\" data-settings=\"{&quot;step_next_label&quot;:&quot;Next&quot;,&quot;step_previous_label&quot;:&quot;Previous&quot;,&quot;button_width_mobile&quot;:&quot;100&quot;,&quot;button_width&quot;:&quot;100&quot;,&quot;step_type&quot;:&quot;number_text&quot;,&quot;step_icon_shape&quot;:&quot;circle&quot;}\" data-widget_type=\"form.default\">\n\t\t\t\t<div class=\"elementor-widget-container\">\n\t\t\t\t\t\t\t<form class=\"elementor-form\" method=\"post\" name=\"New Form\" aria-label=\"New Form\">\n\t\t\t<input type=\"hidden\" name=\"post_id\" value=\"622\"\/>\n\t\t\t<input type=\"hidden\" name=\"form_id\" value=\"5715d99\"\/>\n\t\t\t<input type=\"hidden\" name=\"referer_title\" value=\"Contactez nous - Barefoot Surf Travel\" \/>\n\n\t\t\t\t\t\t\t<input type=\"hidden\" name=\"queried_id\" value=\"622\"\/>\n\t\t\t\n\t\t\t<div class=\"elementor-form-fields-wrapper elementor-labels-\">\n\t\t\t\t\t\t\t\t<div class=\"elementor-field-type-text elementor-field-group elementor-column elementor-field-group-field_c33e8dd elementor-col-50\">\n\t\t\t\t\t\t\t\t\t\t\t\t<label for=\"form-field-field_c33e8dd\" class=\"elementor-field-label elementor-screen-only\">\n\t\t\t\t\t\t\t\tName\t\t\t\t\t\t\t<\/label>\n\t\t\t\t\t\t\t\t\t\t\t\t\t\t<input size=\"1\" type=\"text\" name=\"form_fields[field_c33e8dd]\" id=\"form-field-field_c33e8dd\" class=\"elementor-field elementor-size-sm  elementor-field-textual\" placeholder=\"Name\">\n\t\t\t\t\t\t\t\t\t\t\t<\/div>\n\t\t\t\t\t\t\t\t<div class=\"elementor-field-type-email elementor-field-group elementor-column elementor-field-group-email elementor-col-50 elementor-field-required\">\n\t\t\t\t\t\t\t\t\t\t\t\t<label for=\"form-field-email\" class=\"elementor-field-label elementor-screen-only\">\n\t\t\t\t\t\t\t\tEmail\t\t\t\t\t\t\t<\/label>\n\t\t\t\t\t\t\t\t\t\t\t\t\t\t<input size=\"1\" type=\"email\" name=\"form_fields[email]\" id=\"form-field-email\" class=\"elementor-field elementor-size-sm  elementor-field-textual\" placeholder=\"Email\" required=\"required\">\n\t\t\t\t\t\t\t\t\t\t\t<\/div>\n\t\t\t\t\t\t\t\t<div class=\"elementor-field-type-textarea elementor-field-group elementor-column elementor-field-group-message elementor-col-100 elementor-field-required\">\n\t\t\t\t\t\t\t\t\t\t\t\t<label for=\"form-field-message\" class=\"elementor-field-label elementor-screen-only\">\n\t\t\t\t\t\t\t\tHow can we help?\t\t\t\t\t\t\t<\/label>\n\t\t\t\t\t\t<textarea class=\"elementor-field-textual elementor-field  elementor-size-sm\" name=\"form_fields[message]\" id=\"form-field-message\" rows=\"4\" placeholder=\"How can we help?\" required=\"required\"><\/textarea>\t\t\t\t<\/div>\n\t\t\t\t\t\t\t\t<div class=\"elementor-field-group elementor-column elementor-field-type-submit elementor-col-100 e-form__buttons elementor-sm-100\">\n\t\t\t\t\t<button class=\"elementor-button elementor-size-sm\" type=\"submit\">\n\t\t\t\t\t\t<span class=\"elementor-button-content-wrapper\">\n\t\t\t\t\t\t\t\t\t\t\t\t\t\t\t\t\t\t\t\t\t\t<span class=\"elementor-button-text\">Send message<\/span>\n\t\t\t\t\t\t\t\t\t\t\t\t\t<\/span>\n\t\t\t\t\t<\/button>\n\t\t\t\t<\/div>\n\t\t\t<\/div>\n\t\t<\/form>\n\t\t\t\t\t\t<\/div>\n\t\t\t\t<\/div>\n\t\t\t\t<div class=\"elementor-element elementor-element-79466f8 elementor-widget elementor-widget-text-editor\" data-id=\"79466f8\" data-element_type=\"widget\" data-e-type=\"widget\" data-widget_type=\"text-editor.default\">\n\t\t\t\t<div class=\"elementor-widget-container\">\n\t\t\t\t\t\t\t\t\t<div class=\"wpb_column vc_column_container vc_col-sm-6 vc_col-has-fill\"><div class=\"vc_column-inner vc_custom_1626497345227\"><div class=\"wpb_wrapper\"><div class=\"wpb_text_column wpb_content_element \"><div class=\"wpb_wrapper\"><p>Pour un retour plus rapide, \u00e9crivez-nous en anglais afin que chaque membre de notre \u00e9quipe soit en mesure de vous r\u00e9pondre. Vous pouvez \u00e9galement consulter notre page de questions les plus fr\u00e9quentes.<\/p><\/div><\/div><\/div><\/div><\/div>\t\t\t\t\t\t\t\t<\/div>\n\t\t\t\t<\/div>\n\t\t\t\t<div class=\"elementor-element elementor-element-4cf8750 elementor-widget elementor-widget-button\" data-id=\"4cf8750\" data-element_type=\"widget\" data-e-type=\"widget\" data-widget_type=\"button.default\">\n\t\t\t\t<div class=\"elementor-widget-container\">\n\t\t\t\t\t\t\t\t\t<div class=\"elementor-button-wrapper\">\n\t\t\t\t\t<a class=\"elementor-button elementor-button-link elementor-size-sm\" href=\"https:\/\/barefootsurftravel.com\/fr\/faq\/\" target=\"_blank\">\n\t\t\t\t\t\t<span class=\"elementor-button-content-wrapper\">\n\t\t\t\t\t\t\t\t\t<span class=\"elementor-button-text\">FAQ<\/span>\n\t\t\t\t\t<\/span>\n\t\t\t\t\t<\/a>\n\t\t\t\t<\/div>\n\t\t\t\t\t\t\t\t<\/div>\n\t\t\t\t<\/div>\n\t\t\t\t<\/div>\n\t\t<div class=\"elementor-element elementor-element-aee39b3 e-con-full e-flex e-con e-child\" data-id=\"aee39b3\" data-element_type=\"container\" data-e-type=\"container\">\n\t\t\t\t<div class=\"elementor-element elementor-element-83cfccc elementor-widget elementor-widget-heading\" data-id=\"83cfccc\" data-element_type=\"widget\" data-e-type=\"widget\" data-widget_type=\"heading.default\">\n\t\t\t\t<div class=\"elementor-widget-container\">\n\t\t\t\t\t<h2 class=\"elementor-heading-title elementor-size-default\">Pr\u00eat \u00e0 R\u00e9server?<\/h2>\t\t\t\t<\/div>\n\t\t\t\t<\/div>\n\t\t\t\t<div class=\"elementor-element elementor-element-6b3ba08 elementor-widget-divider--view-line elementor-widget elementor-widget-divider\" data-id=\"6b3ba08\" data-element_type=\"widget\" data-e-type=\"widget\" data-widget_type=\"divider.default\">\n\t\t\t\t<div class=\"elementor-widget-container\">\n\t\t\t\t\t\t\t<div class=\"elementor-divider\">\n\t\t\t<span class=\"elementor-divider-separator\">\n\t\t\t\t\t\t<\/span>\n\t\t<\/div>\n\t\t\t\t\t\t<\/div>\n\t\t\t\t<\/div>\n\t\t\t\t<div class=\"elementor-element elementor-element-114915f elementor-widget elementor-widget-text-editor\" data-id=\"114915f\" data-element_type=\"widget\" data-e-type=\"widget\" data-widget_type=\"text-editor.default\">\n\t\t\t\t<div class=\"elementor-widget-container\">\n\t\t\t\t\t\t\t\t\t<p>Vous pouvez\u00a0r\u00e9server votre place\u00a0\u00e0 travers notre plateforme de r\u00e9servation en ligne:<\/p>\t\t\t\t\t\t\t\t<\/div>\n\t\t\t\t<\/div>\n\t\t\t\t<div class=\"elementor-element elementor-element-45fb167 elementor-widget elementor-widget-button\" data-id=\"45fb167\" data-element_type=\"widget\" data-e-type=\"widget\" data-widget_type=\"button.default\">\n\t\t\t\t<div class=\"elementor-widget-container\">\n\t\t\t\t\t\t\t\t\t<div class=\"elementor-button-wrapper\">\n\t\t\t\t\t<a class=\"elementor-button elementor-button-link elementor-size-sm\" href=\"https:\/\/barefootsurftravel.typeform.com\/to\/SxHFAp\" target=\"_blank\">\n\t\t\t\t\t\t<span class=\"elementor-button-content-wrapper\">\n\t\t\t\t\t\t\t\t\t<span class=\"elementor-button-text\">R\u00e9server<\/span>\n\t\t\t\t\t<\/span>\n\t\t\t\t\t<\/a>\n\t\t\t\t<\/div>\n\t\t\t\t\t\t\t\t<\/div>\n\t\t\t\t<\/div>\n\t\t\t\t<div class=\"elementor-element elementor-element-f991682 elementor-widget elementor-widget-text-editor\" data-id=\"f991682\" data-element_type=\"widget\" data-e-type=\"widget\" data-widget_type=\"text-editor.default\">\n\t\t\t\t<div class=\"elementor-widget-container\">\n\t\t\t\t\t\t\t\t\t<p>D\u00e9j\u00e0 voyag\u00e9 avec nous? <a href=\"https:\/\/barefootsurftravel.typeform.com\/to\/DDXw3d\" target=\"_blank\" rel=\"noopener\">Cliquez ici<\/a><\/p>\t\t\t\t\t\t\t\t<\/div>\n\t\t\t\t<\/div>\n\t\t\t\t<\/div>\n\t\t\t\t\t<\/div>\n\t\t\t\t<\/div>\n\t\t\t\t<\/div>\n\t\t","protected":false},"excerpt":{"rendered":"<p>Nous Contacter Des questions sur nos retraites de surf? S&rsquo;il-vous-pla\u00eet nous \u00e9crire: Pour un retour plus rapide, \u00e9crivez-nous en anglais afin que chaque membre de notre \u00e9quipe soit en mesure de vous r\u00e9pondre. Vous pouvez \u00e9galement consulter notre page de questions les plus fr\u00e9quentes. FAQ Pr\u00eat \u00e0 R\u00e9server? Vous pouvez\u00a0r\u00e9server votre place\u00a0\u00e0 travers notre plateforme [&hellip;]<\/p>\n","protected":false},"author":4,"featured_media":0,"parent":0,"menu_order":0,"comment_status":"closed","ping_status":"closed","template":"","meta":{"_acf_changed":false,"footnotes":""},"class_list":["post-622","page","type-page","status-publish","hentry"],"acf":[],"yoast_head":"<!-- This site is optimized with the Yoast SEO plugin v27.3 - https:\/\/yoast.com\/product\/yoast-seo-wordpress\/ -->\n<title>Contactez nous - Barefoot Surf Travel<\/title>\n<meta name=\"robots\" content=\"index, follow, max-snippet:-1, max-image-preview:large, max-video-preview:-1\" \/>\n<link rel=\"canonical\" href=\"https:\/\/barefootsurftravel.com\/fr\/contactez-nous\/\" \/>\n<meta property=\"og:locale\" content=\"fr_FR\" \/>\n<meta property=\"og:type\" content=\"article\" \/>\n<meta property=\"og:title\" content=\"Contactez nous - Barefoot Surf Travel\" \/>\n<meta property=\"og:description\" content=\"Nous Contacter Des questions sur nos retraites de surf? S&rsquo;il-vous-pla\u00eet nous \u00e9crire: Pour un retour plus rapide, \u00e9crivez-nous en anglais afin que chaque membre de notre \u00e9quipe soit en mesure de vous r\u00e9pondre. Vous pouvez \u00e9galement consulter notre page de questions les plus fr\u00e9quentes. FAQ Pr\u00eat \u00e0 R\u00e9server? Vous pouvez\u00a0r\u00e9server votre place\u00a0\u00e0 travers notre plateforme [&hellip;]\" \/>\n<meta property=\"og:url\" content=\"https:\/\/barefootsurftravel.com\/fr\/contactez-nous\/\" \/>\n<meta property=\"og:site_name\" content=\"Barefoot Surf Travel\" \/>\n<meta property=\"article:publisher\" content=\"https:\/\/www.facebook.com\/barefootsurftravel\/\" \/>\n<meta property=\"article:modified_time\" content=\"2025-10-30T09:20:00+00:00\" \/>\n<meta name=\"twitter:card\" content=\"summary_large_image\" \/>\n<meta name=\"twitter:label1\" content=\"Dur\u00e9e de lecture estim\u00e9e\" \/>\n\t<meta name=\"twitter:data1\" content=\"1 minute\" \/>\n<script type=\"application\/ld+json\" class=\"yoast-schema-graph\">{\"@context\":\"https:\\\/\\\/schema.org\",\"@graph\":[{\"@type\":\"WebPage\",\"@id\":\"https:\\\/\\\/barefootsurftravel.com\\\/fr\\\/contactez-nous\\\/\",\"url\":\"https:\\\/\\\/barefootsurftravel.com\\\/fr\\\/contactez-nous\\\/\",\"name\":\"Contactez nous - Barefoot Surf Travel\",\"isPartOf\":{\"@id\":\"https:\\\/\\\/barefootsurftravel.com\\\/fr\\\/#website\"},\"datePublished\":\"2025-01-24T18:01:03+00:00\",\"dateModified\":\"2025-10-30T09:20:00+00:00\",\"breadcrumb\":{\"@id\":\"https:\\\/\\\/barefootsurftravel.com\\\/fr\\\/contactez-nous\\\/#breadcrumb\"},\"inLanguage\":\"fr-FR\",\"potentialAction\":[{\"@type\":\"ReadAction\",\"target\":[\"https:\\\/\\\/barefootsurftravel.com\\\/fr\\\/contactez-nous\\\/\"]}]},{\"@type\":\"BreadcrumbList\",\"@id\":\"https:\\\/\\\/barefootsurftravel.com\\\/fr\\\/contactez-nous\\\/#breadcrumb\",\"itemListElement\":[{\"@type\":\"ListItem\",\"position\":1,\"name\":\"Home\",\"item\":\"https:\\\/\\\/barefootsurftravel.com\\\/fr\\\/\"},{\"@type\":\"ListItem\",\"position\":2,\"name\":\"Contactez nous\"}]},{\"@type\":\"WebSite\",\"@id\":\"https:\\\/\\\/barefootsurftravel.com\\\/fr\\\/#website\",\"url\":\"https:\\\/\\\/barefootsurftravel.com\\\/fr\\\/\",\"name\":\"Barefoot Surf\",\"description\":\"Surf Coaching Retreats in Costa Rica, Nicaragua &amp; the Mentawais\",\"publisher\":{\"@id\":\"https:\\\/\\\/barefootsurftravel.com\\\/fr\\\/#organization\"},\"potentialAction\":[{\"@type\":\"SearchAction\",\"target\":{\"@type\":\"EntryPoint\",\"urlTemplate\":\"https:\\\/\\\/barefootsurftravel.com\\\/fr\\\/?s={search_term_string}\"},\"query-input\":{\"@type\":\"PropertyValueSpecification\",\"valueRequired\":true,\"valueName\":\"search_term_string\"}}],\"inLanguage\":\"fr-FR\"},{\"@type\":\"Organization\",\"@id\":\"https:\\\/\\\/barefootsurftravel.com\\\/fr\\\/#organization\",\"name\":\"Barefoot Surf\",\"url\":\"https:\\\/\\\/barefootsurftravel.com\\\/fr\\\/\",\"logo\":{\"@type\":\"ImageObject\",\"inLanguage\":\"fr-FR\",\"@id\":\"https:\\\/\\\/barefootsurftravel.com\\\/fr\\\/#\\\/schema\\\/logo\\\/image\\\/\",\"url\":\"https:\\\/\\\/barefootsurftravel.com\\\/wp-content\\\/uploads\\\/2024\\\/12\\\/Barefoot-Surf-Travel.png\",\"contentUrl\":\"https:\\\/\\\/barefootsurftravel.com\\\/wp-content\\\/uploads\\\/2024\\\/12\\\/Barefoot-Surf-Travel.png\",\"width\":207,\"height\":126,\"caption\":\"Barefoot Surf\"},\"image\":{\"@id\":\"https:\\\/\\\/barefootsurftravel.com\\\/fr\\\/#\\\/schema\\\/logo\\\/image\\\/\"},\"sameAs\":[\"https:\\\/\\\/www.facebook.com\\\/barefootsurftravel\\\/\",\"https:\\\/\\\/www.instagram.com\\\/barefoot_surf\\\/\",\"https:\\\/\\\/www.youtube.com\\\/@barefoot_surf\",\"https:\\\/\\\/www.tripadvisor.com\\\/Attraction_Review-g528745-d7713910-Reviews-Barefoot_Surf_Travel-San_Juan_del_Sur_Rivas_Department.html\"]}]}<\/script>\n<!-- \/ Yoast SEO plugin. -->","yoast_head_json":{"title":"Contactez nous - Barefoot Surf Travel","robots":{"index":"index","follow":"follow","max-snippet":"max-snippet:-1","max-image-preview":"max-image-preview:large","max-video-preview":"max-video-preview:-1"},"canonical":"https:\/\/barefootsurftravel.com\/fr\/contactez-nous\/","og_locale":"fr_FR","og_type":"article","og_title":"Contactez nous - Barefoot Surf Travel","og_description":"Nous Contacter Des questions sur nos retraites de surf? S&rsquo;il-vous-pla\u00eet nous \u00e9crire: Pour un retour plus rapide, \u00e9crivez-nous en anglais afin que chaque membre de notre \u00e9quipe soit en mesure de vous r\u00e9pondre. Vous pouvez \u00e9galement consulter notre page de questions les plus fr\u00e9quentes. FAQ Pr\u00eat \u00e0 R\u00e9server? Vous pouvez\u00a0r\u00e9server votre place\u00a0\u00e0 travers notre plateforme [&hellip;]","og_url":"https:\/\/barefootsurftravel.com\/fr\/contactez-nous\/","og_site_name":"Barefoot Surf Travel","article_publisher":"https:\/\/www.facebook.com\/barefootsurftravel\/","article_modified_time":"2025-10-30T09:20:00+00:00","twitter_card":"summary_large_image","twitter_misc":{"Dur\u00e9e de lecture estim\u00e9e":"1 minute"},"schema":{"@context":"https:\/\/schema.org","@graph":[{"@type":"WebPage","@id":"https:\/\/barefootsurftravel.com\/fr\/contactez-nous\/","url":"https:\/\/barefootsurftravel.com\/fr\/contactez-nous\/","name":"Contactez nous - Barefoot Surf Travel","isPartOf":{"@id":"https:\/\/barefootsurftravel.com\/fr\/#website"},"datePublished":"2025-01-24T18:01:03+00:00","dateModified":"2025-10-30T09:20:00+00:00","breadcrumb":{"@id":"https:\/\/barefootsurftravel.com\/fr\/contactez-nous\/#breadcrumb"},"inLanguage":"fr-FR","potentialAction":[{"@type":"ReadAction","target":["https:\/\/barefootsurftravel.com\/fr\/contactez-nous\/"]}]},{"@type":"BreadcrumbList","@id":"https:\/\/barefootsurftravel.com\/fr\/contactez-nous\/#breadcrumb","itemListElement":[{"@type":"ListItem","position":1,"name":"Home","item":"https:\/\/barefootsurftravel.com\/fr\/"},{"@type":"ListItem","position":2,"name":"Contactez nous"}]},{"@type":"WebSite","@id":"https:\/\/barefootsurftravel.com\/fr\/#website","url":"https:\/\/barefootsurftravel.com\/fr\/","name":"Barefoot Surf","description":"Surf Coaching Retreats in Costa Rica, Nicaragua &amp; the Mentawais","publisher":{"@id":"https:\/\/barefootsurftravel.com\/fr\/#organization"},"potentialAction":[{"@type":"SearchAction","target":{"@type":"EntryPoint","urlTemplate":"https:\/\/barefootsurftravel.com\/fr\/?s={search_term_string}"},"query-input":{"@type":"PropertyValueSpecification","valueRequired":true,"valueName":"search_term_string"}}],"inLanguage":"fr-FR"},{"@type":"Organization","@id":"https:\/\/barefootsurftravel.com\/fr\/#organization","name":"Barefoot Surf","url":"https:\/\/barefootsurftravel.com\/fr\/","logo":{"@type":"ImageObject","inLanguage":"fr-FR","@id":"https:\/\/barefootsurftravel.com\/fr\/#\/schema\/logo\/image\/","url":"https:\/\/barefootsurftravel.com\/wp-content\/uploads\/2024\/12\/Barefoot-Surf-Travel.png","contentUrl":"https:\/\/barefootsurftravel.com\/wp-content\/uploads\/2024\/12\/Barefoot-Surf-Travel.png","width":207,"height":126,"caption":"Barefoot Surf"},"image":{"@id":"https:\/\/barefootsurftravel.com\/fr\/#\/schema\/logo\/image\/"},"sameAs":["https:\/\/www.facebook.com\/barefootsurftravel\/","https:\/\/www.instagram.com\/barefoot_surf\/","https:\/\/www.youtube.com\/@barefoot_surf","https:\/\/www.tripadvisor.com\/Attraction_Review-g528745-d7713910-Reviews-Barefoot_Surf_Travel-San_Juan_del_Sur_Rivas_Department.html"]}]}},"_links":{"self":[{"href":"https:\/\/barefootsurftravel.com\/fr\/wp-json\/wp\/v2\/pages\/622","targetHints":{"allow":["GET"]}}],"collection":[{"href":"https:\/\/barefootsurftravel.com\/fr\/wp-json\/wp\/v2\/pages"}],"about":[{"href":"https:\/\/barefootsurftravel.com\/fr\/wp-json\/wp\/v2\/types\/page"}],"author":[{"embeddable":true,"href":"https:\/\/barefootsurftravel.com\/fr\/wp-json\/wp\/v2\/users\/4"}],"replies":[{"embeddable":true,"href":"https:\/\/barefootsurftravel.com\/fr\/wp-json\/wp\/v2\/comments?post=622"}],"version-history":[{"count":0,"href":"https:\/\/barefootsurftravel.com\/fr\/wp-json\/wp\/v2\/pages\/622\/revisions"}],"wp:attachment":[{"href":"https:\/\/barefootsurftravel.com\/fr\/wp-json\/wp\/v2\/media?parent=622"}],"curies":[{"name":"wp","href":"https:\/\/api.w.org\/{rel}","templated":true}]}}